{"id":315,"date":"2023-11-09T09:36:42","date_gmt":"2023-11-09T09:36:42","guid":{"rendered":"https:\/\/www.mattpe.com\/es\/?page_id=315"},"modified":"2025-06-21T02:49:54","modified_gmt":"2025-06-21T02:49:54","slug":"contacto","status":"publish","type":"page","link":"https:\/\/www.mattpe.com\/es\/contacto\/","title":{"rendered":"Contacto"},"content":{"rendered":"\t\t<div data-elementor-type=\"wp-page\" data-elementor-id=\"315\" class=\"elementor elementor-315\" data-elementor-settings=\"[]\">\n\t\t\t\t\t\t\t<div class=\"elementor-section-wrap\">\n\t\t\t\t\t\t\t<section class=\"elementor-section elementor-top-section elementor-element elementor-element-73a904a4 elementor-section-full_width elementor-section-stretched elementor-section-height-default elementor-section-height-default\" data-id=\"73a904a4\" data-element_type=\"section\" data-settings=\"{&quot;stretch_section&quot;:&quot;section-stretched&quot;}\">\n\t\t\t\t\t\t<div class=\"elementor-container elementor-column-gap-no\">\n\t\t\t\t\t<div class=\"elementor-column elementor-col-100 elementor-top-column elementor-element elementor-element-79f83133\" data-id=\"79f83133\" data-element_type=\"column\">\n\t\t\t<div class=\"elementor-widget-wrap elementor-element-populated\">\n\t\t\t\t\t\t\t\t<div class=\"elementor-element elementor-element-38217dd0 elementor-widget elementor-widget-image\" data-id=\"38217dd0\" data-element_type=\"widget\" data-widget_type=\"image.default\">\n\t\t\t\t<div class=\"elementor-widget-container\">\n\t\t\t\t\t<div class=\"elementor-image\">\n\t\t\t\t\t\t\t\t\t\t<img loading=\"lazy\" decoding=\"async\" width=\"1921\" height=\"566\" src=\"https:\/\/www.mattpe.com\/es\/wp-content\/uploads\/2025\/06\/mattpe-008-conntacto.png\" class=\"attachment-full size-full\" alt=\"\" srcset=\"https:\/\/www.mattpe.com\/es\/wp-content\/uploads\/2025\/06\/mattpe-008-conntacto.png 1921w, https:\/\/www.mattpe.com\/es\/wp-content\/uploads\/2025\/06\/mattpe-008-conntacto-300x88.png 300w, https:\/\/www.mattpe.com\/es\/wp-content\/uploads\/2025\/06\/mattpe-008-conntacto-1024x302.png 1024w, https:\/\/www.mattpe.com\/es\/wp-content\/uploads\/2025\/06\/mattpe-008-conntacto-768x226.png 768w, https:\/\/www.mattpe.com\/es\/wp-content\/uploads\/2025\/06\/mattpe-008-conntacto-1536x453.png 1536w\" sizes=\"auto, (max-width: 1921px) 100vw, 1921px\" \/>\t\t\t\t\t\t\t\t\t\t\t<\/div>\n\t\t\t\t<\/div>\n\t\t\t\t<\/div>\n\t\t\t\t\t<\/div>\n\t\t<\/div>\n\t\t\t\t\t\t\t<\/div>\n\t\t<\/section>\n\t\t\t\t<section class=\"elementor-section elementor-top-section elementor-element elementor-element-50ce4c7 elementor-section-content-middle elementor-section-boxed elementor-section-height-default elementor-section-height-default\" data-id=\"50ce4c7\" data-element_type=\"section\">\n\t\t\t\t\t\t<div class=\"elementor-container elementor-column-gap-wider\">\n\t\t\t\t\t<div class=\"elementor-column elementor-col-25 elementor-top-column elementor-element elementor-element-fa20860\" data-id=\"fa20860\" data-element_type=\"column\">\n\t\t\t<div class=\"elementor-widget-wrap\">\n\t\t\t\t\t\t\t\t\t<\/div>\n\t\t<\/div>\n\t\t\t\t<div class=\"elementor-column elementor-col-25 elementor-top-column elementor-element elementor-element-31a7688e\" data-id=\"31a7688e\" data-element_type=\"column\">\n\t\t\t<div class=\"elementor-widget-wrap elementor-element-populated\">\n\t\t\t\t\t\t\t\t<div class=\"elementor-element elementor-element-09d5194 elementor-widget elementor-widget-image\" data-id=\"09d5194\" data-element_type=\"widget\" data-widget_type=\"image.default\">\n\t\t\t\t<div class=\"elementor-widget-container\">\n\t\t\t\t\t<div class=\"elementor-image\">\n\t\t\t\t\t\t\t\t\t\t<img loading=\"lazy\" decoding=\"async\" width=\"300\" height=\"111\" src=\"https:\/\/www.mattpe.com\/es\/wp-content\/uploads\/2023\/11\/mattpe-mr-logo-1-300x111.png\" class=\"attachment-medium size-medium\" alt=\"\" srcset=\"https:\/\/www.mattpe.com\/es\/wp-content\/uploads\/2023\/11\/mattpe-mr-logo-1-300x111.png 300w, https:\/\/www.mattpe.com\/es\/wp-content\/uploads\/2023\/11\/mattpe-mr-logo-1-1024x380.png 1024w, https:\/\/www.mattpe.com\/es\/wp-content\/uploads\/2023\/11\/mattpe-mr-logo-1-768x285.png 768w, https:\/\/www.mattpe.com\/es\/wp-content\/uploads\/2023\/11\/mattpe-mr-logo-1.png 1287w\" sizes=\"auto, (max-width: 300px) 100vw, 300px\" \/>\t\t\t\t\t\t\t\t\t\t\t<\/div>\n\t\t\t\t<\/div>\n\t\t\t\t<\/div>\n\t\t\t\t<div class=\"elementor-element elementor-element-5cea4ed elementor-widget elementor-widget-text-editor\" data-id=\"5cea4ed\" data-element_type=\"widget\" data-widget_type=\"text-editor.default\">\n\t\t\t\t<div class=\"elementor-widget-container\">\n\t\t\t\t\t<div class=\"elementor-text-editor elementor-clearfix\"><p style=\"text-align: left;\">Queremos saber tus necesidades, por favor llena este formulario o cont\u00e1ctanos v\u00eda telef\u00f3nica y con gusto te atenderemos a la brevedad posible.<\/p><\/div>\n\t\t\t\t<\/div>\n\t\t\t\t<\/div>\n\t\t\t\t<div class=\"elementor-element elementor-element-6e97066 elementor-widget-divider--view-line elementor-widget elementor-widget-divider\" data-id=\"6e97066\" data-element_type=\"widget\" data-widget_type=\"divider.default\">\n\t\t\t\t<div class=\"elementor-widget-container\">\n\t\t\t\t\t<div class=\"elementor-divider\">\n\t\t\t<span class=\"elementor-divider-separator\">\n\t\t\t\t\t\t<\/span>\n\t\t<\/div>\n\t\t\t\t<\/div>\n\t\t\t\t<\/div>\n\t\t\t\t<div class=\"elementor-element elementor-element-99dba32 elementor-widget elementor-widget-text-editor\" data-id=\"99dba32\" data-element_type=\"widget\" data-widget_type=\"text-editor.default\">\n\t\t\t\t<div class=\"elementor-widget-container\">\n\t\t\t\t\t<div class=\"elementor-text-editor elementor-clearfix\"><p style=\"text-align: left;\"><span style=\"color: #000000;\"><strong>Horario de Atenci\u00f3n:<\/strong><\/span><br \/>Lunes a Viernes de 9am a 6pm<\/p><\/div>\n\t\t\t\t<\/div>\n\t\t\t\t<\/div>\n\t\t\t\t\t<\/div>\n\t\t<\/div>\n\t\t\t\t<div class=\"elementor-column elementor-col-25 elementor-top-column elementor-element elementor-element-9b78d2e\" data-id=\"9b78d2e\" data-element_type=\"column\">\n\t\t\t<div class=\"elementor-widget-wrap elementor-element-populated\">\n\t\t\t\t\t\t\t\t<div class=\"elementor-element elementor-element-9f9ad50 elementor-button-align-start elementor-widget elementor-widget-form\" data-id=\"9f9ad50\" data-element_type=\"widget\" data-settings=\"{&quot;step_next_label&quot;:&quot;Next&quot;,&quot;step_previous_label&quot;:&quot;Previous&quot;,&quot;button_width&quot;:&quot;100&quot;,&quot;step_type&quot;:&quot;number_text&quot;,&quot;step_icon_shape&quot;:&quot;circle&quot;}\" data-widget_type=\"form.default\">\n\t\t\t\t<div class=\"elementor-widget-container\">\n\t\t\t\t\t<form class=\"elementor-form\" method=\"post\" name=\"New Form\">\n\t\t\t<input type=\"hidden\" name=\"post_id\" value=\"315\"\/>\n\t\t\t<input type=\"hidden\" name=\"form_id\" value=\"9f9ad50\"\/>\n\n\t\t\t\n\t\t\t<div class=\"elementor-form-fields-wrapper elementor-labels-above\">\n\t\t\t\t\t\t\t\t<div class=\"elementor-field-type-text elementor-field-group elementor-column elementor-field-group-name elementor-col-100\">\n\t\t\t\t\t<input size=\"1\" type=\"text\" name=\"form_fields[name]\" id=\"form-field-name\" class=\"elementor-field elementor-size-sm  elementor-field-textual\" placeholder=\"Nombre\">\t\t\t\t<\/div>\n\t\t\t\t\t\t\t\t<div class=\"elementor-field-type-text elementor-field-group elementor-column elementor-field-group-field_431ca12 elementor-col-100\">\n\t\t\t\t\t<input size=\"1\" type=\"text\" name=\"form_fields[field_431ca12]\" id=\"form-field-field_431ca12\" class=\"elementor-field elementor-size-sm  elementor-field-textual\" placeholder=\"Empresa\">\t\t\t\t<\/div>\n\t\t\t\t\t\t\t\t<div class=\"elementor-field-type-text elementor-field-group elementor-column elementor-field-group-field_9d7f15c elementor-col-50\">\n\t\t\t\t\t<input size=\"1\" type=\"text\" name=\"form_fields[field_9d7f15c]\" id=\"form-field-field_9d7f15c\" class=\"elementor-field elementor-size-sm  elementor-field-textual\" placeholder=\"Tel\u00e9fono\">\t\t\t\t<\/div>\n\t\t\t\t\t\t\t\t<div class=\"elementor-field-type-email elementor-field-group elementor-column elementor-field-group-email elementor-col-50 elementor-field-required\">\n\t\t\t\t\t<input size=\"1\" type=\"email\" name=\"form_fields[email]\" id=\"form-field-email\" class=\"elementor-field elementor-size-sm  elementor-field-textual\" placeholder=\"Email\" required=\"required\" aria-required=\"true\">\t\t\t\t<\/div>\n\t\t\t\t\t\t\t\t<div class=\"elementor-field-type-checkbox elementor-field-group elementor-column elementor-field-group-field_97c8211 elementor-col-100\">\n\t\t\t\t\t<label for=\"form-field-field_97c8211\" class=\"elementor-field-label\"><b>Seleccione los servicios de su inter\u00e9s:<\/b><\/label><div class=\"elementor-field-subgroup  elementor-subgroup-inline\"><span class=\"elementor-field-option\"><input type=\"checkbox\" value=\"Observabilidad \" id=\"form-field-field_97c8211-0\" name=\"form_fields[field_97c8211][]\"> <label for=\"form-field-field_97c8211-0\">Observabilidad <\/label><\/span><span class=\"elementor-field-option\"><input type=\"checkbox\" value=\"Continuidad del negocio\" id=\"form-field-field_97c8211-1\" name=\"form_fields[field_97c8211][]\"> <label for=\"form-field-field_97c8211-1\">Continuidad del negocio<\/label><\/span><span class=\"elementor-field-option\"><input type=\"checkbox\" value=\"Protecci\u00f3n de datos \" id=\"form-field-field_97c8211-2\" name=\"form_fields[field_97c8211][]\"> <label for=\"form-field-field_97c8211-2\">Protecci\u00f3n de datos <\/label><\/span><span class=\"elementor-field-option\"><input type=\"checkbox\" value=\"Servicios de nube\" id=\"form-field-field_97c8211-3\" name=\"form_fields[field_97c8211][]\"> <label for=\"form-field-field_97c8211-3\">Servicios de nube<\/label><\/span><span class=\"elementor-field-option\"><input type=\"checkbox\" value=\"Modernizaci\u00f3n del centro de datos \" id=\"form-field-field_97c8211-4\" name=\"form_fields[field_97c8211][]\"> <label for=\"form-field-field_97c8211-4\">Modernizaci\u00f3n del centro de datos <\/label><\/span><span class=\"elementor-field-option\"><input type=\"checkbox\" value=\"Flash Storage \" id=\"form-field-field_97c8211-5\" name=\"form_fields[field_97c8211][]\"> <label for=\"form-field-field_97c8211-5\">Flash Storage <\/label><\/span><span class=\"elementor-field-option\"><input type=\"checkbox\" value=\"Ciberseguridad \" id=\"form-field-field_97c8211-6\" name=\"form_fields[field_97c8211][]\"> <label for=\"form-field-field_97c8211-6\">Ciberseguridad <\/label><\/span><span class=\"elementor-field-option\"><input type=\"checkbox\" value=\"PC as a Service \" id=\"form-field-field_97c8211-7\" name=\"form_fields[field_97c8211][]\"> <label for=\"form-field-field_97c8211-7\">PC as a Service <\/label><\/span><span class=\"elementor-field-option\"><input type=\"checkbox\" value=\"Consultoria y servicios \" id=\"form-field-field_97c8211-8\" name=\"form_fields[field_97c8211][]\"> <label for=\"form-field-field_97c8211-8\">Consultoria y servicios <\/label><\/span><\/div>\t\t\t\t<\/div>\n\t\t\t\t\t\t\t\t<div class=\"elementor-field-type-textarea elementor-field-group elementor-column elementor-field-group-message elementor-col-100\">\n\t\t\t\t\t<textarea class=\"elementor-field-textual elementor-field  elementor-size-sm\" name=\"form_fields[message]\" id=\"form-field-message\" rows=\"4\" placeholder=\"Mensaje\"><\/textarea>\t\t\t\t<\/div>\n\t\t\t\t\t\t\t\t<div class=\"elementor-field-type-text\">\n\t\t\t\t\t<input size=\"1\" type=\"text\" name=\"form_fields[field_e30a45b]\" id=\"form-field-field_e30a45b\" class=\"elementor-field elementor-size-sm \" style=\"display:none !important;\">\t\t\t\t<\/div>\n\t\t\t\t\t\t\t\t<div class=\"elementor-field-group elementor-column elementor-field-type-submit elementor-col-100 e-form__buttons\">\n\t\t\t\t\t<button type=\"submit\" class=\"elementor-button elementor-size-sm\">\n\t\t\t\t\t\t<span >\n\t\t\t\t\t\t\t\t\t\t\t\t\t\t\t<span class=\" elementor-button-icon\">\n\t\t\t\t\t\t\t\t\t\t\t\t\t\t\t\t\t\t\t\t\t\t\t\t\t\t<\/span>\n\t\t\t\t\t\t\t\t\t\t\t\t\t\t\t\t\t\t\t\t\t\t<span class=\"elementor-button-text\">Enviar<\/span>\n\t\t\t\t\t\t\t\t\t\t\t\t\t<\/span>\n\t\t\t\t\t<\/button>\n\t\t\t\t<\/div>\n\t\t\t<\/div>\n\t\t<\/form>\n\t\t\t\t<\/div>\n\t\t\t\t<\/div>\n\t\t\t\t\t<\/div>\n\t\t<\/div>\n\t\t\t\t<div class=\"elementor-column elementor-col-25 elementor-top-column elementor-element elementor-element-b6664dd\" data-id=\"b6664dd\" data-element_type=\"column\">\n\t\t\t<div class=\"elementor-widget-wrap\">\n\t\t\t\t\t\t\t\t\t<\/div>\n\t\t<\/div>\n\t\t\t\t\t\t\t<\/div>\n\t\t<\/section>\n\t\t\t\t<section class=\"elementor-section elementor-top-section elementor-element elementor-element-b005408 elementor-section-content-bottom elementor-section-boxed elementor-section-height-default elementor-section-height-default\" data-id=\"b005408\" data-element_type=\"section\">\n\t\t\t\t\t\t<div class=\"elementor-container elementor-column-gap-default\">\n\t\t\t\t\t<div class=\"elementor-column elementor-col-50 elementor-top-column elementor-element elementor-element-daeedc6\" data-id=\"daeedc6\" data-element_type=\"column\">\n\t\t\t<div class=\"elementor-widget-wrap elementor-element-populated\">\n\t\t\t\t\t\t\t\t<div class=\"elementor-element elementor-element-60f6836 elementor-widget elementor-widget-image\" data-id=\"60f6836\" data-element_type=\"widget\" data-widget_type=\"image.default\">\n\t\t\t\t<div class=\"elementor-widget-container\">\n\t\t\t\t\t<div class=\"elementor-image\">\n\t\t\t\t\t\t\t\t\t\t<img decoding=\"async\" src=\"https:\/\/www.mattpe.com\/es\/wp-content\/uploads\/elementor\/thumbs\/c-001-qmv0w3dgclmft0ptrqccrcxtgne1znkd1feurntb0g.png\" title=\"c-001\" alt=\"c-001\" \/>\t\t\t\t\t\t\t\t\t\t\t<\/div>\n\t\t\t\t<\/div>\n\t\t\t\t<\/div>\n\t\t\t\t<div class=\"elementor-element elementor-element-6c4187a elementor-widget elementor-widget-text-editor\" data-id=\"6c4187a\" data-element_type=\"widget\" data-widget_type=\"text-editor.default\">\n\t\t\t\t<div class=\"elementor-widget-container\">\n\t\t\t\t\t<div class=\"elementor-text-editor elementor-clearfix\"><p style=\"text-align: center;\"><span style=\"color: #000000;\"><strong>Guadalajara &#8211;<\/strong><\/span> Oficinas Centrales<br \/>Av. Am\u00e9ricas #1501 <br \/>Piso 20<br \/>Interior A\u00a0 Col. Providencia<br \/>Guadalajara, Jalisco.<br \/>CP. 44630<\/p><p style=\"text-align: center;\"><span style=\"color: #808080;\">Tel: <a style=\"color: #808080;\" href=\"tel:3380000103\">33-8000-0103<\/a><\/span><\/p><\/div>\n\t\t\t\t<\/div>\n\t\t\t\t<\/div>\n\t\t\t\t\t<\/div>\n\t\t<\/div>\n\t\t\t\t<div class=\"elementor-column elementor-col-50 elementor-top-column elementor-element elementor-element-d5026b7\" data-id=\"d5026b7\" data-element_type=\"column\">\n\t\t\t<div class=\"elementor-widget-wrap elementor-element-populated\">\n\t\t\t\t\t\t\t\t<div class=\"elementor-element elementor-element-8b53beb elementor-widget elementor-widget-image\" data-id=\"8b53beb\" data-element_type=\"widget\" data-widget_type=\"image.default\">\n\t\t\t\t<div class=\"elementor-widget-container\">\n\t\t\t\t\t<div class=\"elementor-image\">\n\t\t\t\t\t\t\t\t\t\t<img decoding=\"async\" src=\"https:\/\/www.mattpe.com\/es\/wp-content\/uploads\/elementor\/thumbs\/c-002-qmv158cysm4sojfyeojs01x5dicitpueynqsqi9iio.png\" title=\"c-002\" alt=\"c-002\" \/>\t\t\t\t\t\t\t\t\t\t\t<\/div>\n\t\t\t\t<\/div>\n\t\t\t\t<\/div>\n\t\t\t\t<div class=\"elementor-element elementor-element-6d11af3 elementor-widget elementor-widget-text-editor\" data-id=\"6d11af3\" data-element_type=\"widget\" data-widget_type=\"text-editor.default\">\n\t\t\t\t<div class=\"elementor-widget-container\">\n\t\t\t\t\t<div class=\"elementor-text-editor elementor-clearfix\"><p style=\"text-align: center;\"><span style=\"color: #000000;\"><strong>Ciudad de M\u00e9xico<br \/><\/strong><\/span>Av. de los Insurgentes Sur 730<br \/>Piso 2, interior A. <br \/>Col. Del Valle Centro,\u00a0<br \/>Benito Ju\u00e1rez, Ciudad de M\u00e9xico.<br \/>CP. 03100<\/p><p style=\"text-align: center;\">Tel: 55-7698-6806<\/p><\/div>\n\t\t\t\t<\/div>\n\t\t\t\t<\/div>\n\t\t\t\t\t<\/div>\n\t\t<\/div>\n\t\t\t\t\t\t\t<\/div>\n\t\t<\/section>\n\t\t\t\t\t\t<\/div>\n\t\t\t\t\t<\/div>\n\t\t","protected":false},"excerpt":{"rendered":"<p>Queremos saber tus necesidades, por favor llena este formulario o cont\u00e1ctanos v\u00eda telef\u00f3nica y con gusto te atenderemos a la brevedad posible. Horario de Atenci\u00f3n:Lunes a Viernes de 9am a 6pm Guadalajara &#8211; Oficinas CentralesAv. Am\u00e9ricas #1501 Piso 20Interior A\u00a0 Col. ProvidenciaGuadalajara, Jalisco.CP. 44630 Tel: 33-8000-0103 Ciudad de M\u00e9xicoAv. de los Insurgentes Sur 730Piso 2, &hellip;<\/p>\n<p class=\"read-more\"> <a class=\"\" href=\"https:\/\/www.mattpe.com\/es\/contacto\/\"> <span class=\"screen-reader-text\">Contacto<\/span> Leer m\u00e1s &raquo;<\/a><\/p>\n","protected":false},"author":1,"featured_media":0,"parent":0,"menu_order":0,"comment_status":"closed","ping_status":"closed","template":"","meta":{"site-sidebar-layout":"no-sidebar","site-content-layout":"","ast-site-content-layout":"full-width-container","site-content-style":"default","site-sidebar-style":"default","ast-global-header-display":"","ast-banner-title-visibility":"","ast-main-header-display":"","ast-hfb-above-header-display":"","ast-hfb-below-header-display":"","ast-hfb-mobile-header-display":"","site-post-title":"disabled","ast-breadcrumbs-content":"","ast-featured-img":"disabled","footer-sml-layout":"","theme-transparent-header-meta":"default","adv-header-id-meta":"","stick-header-meta":"","header-above-stick-meta":"","header-main-stick-meta":"","header-below-stick-meta":"","astra-migrate-meta-layouts":"set","ast-page-background-enabled":"default","ast-page-background-meta":{"desktop":{"background-color":"var(--ast-global-color-4)","background-image":"","background-repeat":"repeat","background-position":"center center","background-size":"auto","background-attachment":"scroll","background-type":"","background-media":"","overlay-type":"","overlay-color":"","overlay-gradient":""},"tablet":{"background-color":"","background-image":"","background-repeat":"repeat","background-position":"center center","background-size":"auto","background-attachment":"scroll","background-type":"","background-media":"","overlay-type":"","overlay-color":"","overlay-gradient":""},"mobile":{"background-color":"","background-image":"","background-repeat":"repeat","background-position":"center center","background-size":"auto","background-attachment":"scroll","background-type":"","background-media":"","overlay-type":"","overlay-color":"","overlay-gradient":""}},"ast-content-background-meta":{"desktop":{"background-color":"var(--ast-global-color-5)","background-image":"","background-repeat":"repeat","background-position":"center center","background-size":"auto","background-attachment":"scroll","background-type":"","background-media":"","overlay-type":"","overlay-color":"","overlay-gradient":""},"tablet":{"background-color":"var(--ast-global-color-5)","background-image":"","background-repeat":"repeat","background-position":"center center","background-size":"auto","background-attachment":"scroll","background-type":"","background-media":"","overlay-type":"","overlay-color":"","overlay-gradient":""},"mobile":{"background-color":"var(--ast-global-color-5)","background-image":"","background-repeat":"repeat","background-position":"center center","background-size":"auto","background-attachment":"scroll","background-type":"","background-media":"","overlay-type":"","overlay-color":"","overlay-gradient":""}},"footnotes":""},"class_list":["post-315","page","type-page","status-publish","hentry"],"_links":{"self":[{"href":"https:\/\/www.mattpe.com\/es\/wp-json\/wp\/v2\/pages\/315","targetHints":{"allow":["GET"]}}],"collection":[{"href":"https:\/\/www.mattpe.com\/es\/wp-json\/wp\/v2\/pages"}],"about":[{"href":"https:\/\/www.mattpe.com\/es\/wp-json\/wp\/v2\/types\/page"}],"author":[{"embeddable":true,"href":"https:\/\/www.mattpe.com\/es\/wp-json\/wp\/v2\/users\/1"}],"replies":[{"embeddable":true,"href":"https:\/\/www.mattpe.com\/es\/wp-json\/wp\/v2\/comments?post=315"}],"version-history":[{"count":80,"href":"https:\/\/www.mattpe.com\/es\/wp-json\/wp\/v2\/pages\/315\/revisions"}],"predecessor-version":[{"id":1238,"href":"https:\/\/www.mattpe.com\/es\/wp-json\/wp\/v2\/pages\/315\/revisions\/1238"}],"wp:attachment":[{"href":"https:\/\/www.mattpe.com\/es\/wp-json\/wp\/v2\/media?parent=315"}],"curies":[{"name":"wp","href":"https:\/\/api.w.org\/{rel}","templated":true}]}}