{"id":375,"date":"2023-11-09T10:58:36","date_gmt":"2023-11-09T10:58:36","guid":{"rendered":"https:\/\/www.mattpe.com\/es\/?page_id=375"},"modified":"2026-01-29T13:47:59","modified_gmt":"2026-01-29T13:47:59","slug":"cloud-acceleration-services","status":"publish","type":"page","link":"https:\/\/www.mattpe.com\/es\/cloud-acceleration-services\/","title":{"rendered":"Cloud Acceleration Services"},"content":{"rendered":"\t\t<div data-elementor-type=\"wp-page\" data-elementor-id=\"375\" class=\"elementor elementor-375\" data-elementor-settings=\"[]\">\n\t\t\t\t\t\t\t<div class=\"elementor-section-wrap\">\n\t\t\t\t\t\t\t<section class=\"elementor-section elementor-top-section elementor-element elementor-element-3ff04206 elementor-section-full_width elementor-section-stretched elementor-section-height-default elementor-section-height-default\" data-id=\"3ff04206\" data-element_type=\"section\" data-settings=\"{&quot;stretch_section&quot;:&quot;section-stretched&quot;}\">\n\t\t\t\t\t\t<div class=\"elementor-container elementor-column-gap-no\">\n\t\t\t\t\t<div class=\"elementor-column elementor-col-100 elementor-top-column elementor-element elementor-element-3af53c21\" data-id=\"3af53c21\" data-element_type=\"column\">\n\t\t\t<div class=\"elementor-widget-wrap elementor-element-populated\">\n\t\t\t\t\t\t\t\t<div class=\"elementor-element elementor-element-20588906 elementor-widget elementor-widget-image\" data-id=\"20588906\" data-element_type=\"widget\" data-widget_type=\"image.default\">\n\t\t\t\t<div class=\"elementor-widget-container\">\n\t\t\t\t\t<div class=\"elementor-image\">\n\t\t\t\t\t\t\t\t\t\t<img loading=\"lazy\" decoding=\"async\" width=\"1921\" height=\"566\" src=\"https:\/\/www.mattpe.com\/es\/wp-content\/uploads\/2025\/06\/mattpe-006-nube.png\" class=\"attachment-full size-full\" alt=\"\" srcset=\"https:\/\/www.mattpe.com\/es\/wp-content\/uploads\/2025\/06\/mattpe-006-nube.png 1921w, https:\/\/www.mattpe.com\/es\/wp-content\/uploads\/2025\/06\/mattpe-006-nube-300x88.png 300w, https:\/\/www.mattpe.com\/es\/wp-content\/uploads\/2025\/06\/mattpe-006-nube-1024x302.png 1024w, https:\/\/www.mattpe.com\/es\/wp-content\/uploads\/2025\/06\/mattpe-006-nube-768x226.png 768w, https:\/\/www.mattpe.com\/es\/wp-content\/uploads\/2025\/06\/mattpe-006-nube-1536x453.png 1536w\" sizes=\"auto, (max-width: 1921px) 100vw, 1921px\" \/>\t\t\t\t\t\t\t\t\t\t\t<\/div>\n\t\t\t\t<\/div>\n\t\t\t\t<\/div>\n\t\t\t\t\t<\/div>\n\t\t<\/div>\n\t\t\t\t\t\t\t<\/div>\n\t\t<\/section>\n\t\t\t\t<section class=\"elementor-section elementor-top-section elementor-element elementor-element-35c6463e elementor-section-content-middle elementor-section-boxed elementor-section-height-default elementor-section-height-default\" data-id=\"35c6463e\" data-element_type=\"section\" data-settings=\"{&quot;background_background&quot;:&quot;gradient&quot;}\">\n\t\t\t\t\t\t<div class=\"elementor-container elementor-column-gap-wider\">\n\t\t\t\t\t<div class=\"elementor-column elementor-col-100 elementor-top-column elementor-element elementor-element-72b44b4a\" data-id=\"72b44b4a\" data-element_type=\"column\">\n\t\t\t<div class=\"elementor-widget-wrap elementor-element-populated\">\n\t\t\t\t\t\t\t\t<section class=\"elementor-section elementor-inner-section elementor-element elementor-element-74dea20c elementor-section-boxed elementor-section-height-default elementor-section-height-default\" data-id=\"74dea20c\" data-element_type=\"section\">\n\t\t\t\t\t\t<div class=\"elementor-container elementor-column-gap-default\">\n\t\t\t\t\t<div class=\"elementor-column elementor-col-100 elementor-inner-column elementor-element elementor-element-1786df1b\" data-id=\"1786df1b\" data-element_type=\"column\">\n\t\t\t<div class=\"elementor-widget-wrap elementor-element-populated\">\n\t\t\t\t\t\t\t\t<div class=\"elementor-element elementor-element-3ce3e49c elementor-widget elementor-widget-text-editor\" data-id=\"3ce3e49c\" data-element_type=\"widget\" data-widget_type=\"text-editor.default\">\n\t\t\t\t<div class=\"elementor-widget-container\">\n\t\t\t\t\t<div class=\"elementor-text-editor elementor-clearfix\"><p style=\"text-align: center;\">Cloud Acceleration Services<\/p><p style=\"text-align: center;\"><img loading=\"lazy\" decoding=\"async\" class=\"alignnone wp-image-379 \" src=\"https:\/\/www.mattpe.com\/es\/wp-content\/uploads\/2023\/11\/mattpe-14-300x180.png\" alt=\"\" width=\"183\" height=\"110\" srcset=\"https:\/\/www.mattpe.com\/es\/wp-content\/uploads\/2023\/11\/mattpe-14-300x180.png 300w, https:\/\/www.mattpe.com\/es\/wp-content\/uploads\/2023\/11\/mattpe-14-1024x615.png 1024w, https:\/\/www.mattpe.com\/es\/wp-content\/uploads\/2023\/11\/mattpe-14-768x461.png 768w, https:\/\/www.mattpe.com\/es\/wp-content\/uploads\/2023\/11\/mattpe-14.png 1258w\" sizes=\"auto, (max-width: 183px) 100vw, 183px\" \/><\/p><\/div>\n\t\t\t\t<\/div>\n\t\t\t\t<\/div>\n\t\t\t\t\t<\/div>\n\t\t<\/div>\n\t\t\t\t\t\t\t<\/div>\n\t\t<\/section>\n\t\t\t\t\t<\/div>\n\t\t<\/div>\n\t\t\t\t\t\t\t<\/div>\n\t\t<\/section>\n\t\t\t\t<section class=\"elementor-section elementor-top-section elementor-element elementor-element-261a700e elementor-section-boxed elementor-section-height-default elementor-section-height-default\" data-id=\"261a700e\" data-element_type=\"section\">\n\t\t\t\t\t\t<div class=\"elementor-container elementor-column-gap-default\">\n\t\t\t\t\t<div class=\"elementor-column elementor-col-100 elementor-top-column elementor-element elementor-element-11ede138\" data-id=\"11ede138\" data-element_type=\"column\">\n\t\t\t<div class=\"elementor-widget-wrap elementor-element-populated\">\n\t\t\t\t\t\t\t\t<section class=\"elementor-section elementor-inner-section elementor-element elementor-element-78230a5d elementor-section-content-middle elementor-section-boxed elementor-section-height-default elementor-section-height-default\" data-id=\"78230a5d\" data-element_type=\"section\" data-settings=\"{&quot;background_background&quot;:&quot;classic&quot;}\">\n\t\t\t\t\t\t\t<div class=\"elementor-background-overlay\"><\/div>\n\t\t\t\t\t\t\t<div class=\"elementor-container elementor-column-gap-custom\">\n\t\t\t\t\t<div class=\"elementor-column elementor-col-100 elementor-inner-column elementor-element elementor-element-6bb7fde0\" data-id=\"6bb7fde0\" data-element_type=\"column\" data-settings=\"{&quot;background_background&quot;:&quot;classic&quot;}\">\n\t\t\t<div class=\"elementor-widget-wrap elementor-element-populated\">\n\t\t\t\t\t\t\t\t<div class=\"elementor-element elementor-element-548d1318 elementor-position-top elementor-vertical-align-top elementor-widget elementor-widget-image-box\" data-id=\"548d1318\" data-element_type=\"widget\" data-widget_type=\"image-box.default\">\n\t\t\t\t<div class=\"elementor-widget-container\">\n\t\t\t<div class=\"elementor-image-box-wrapper\"><div class=\"elementor-image-box-content\"><p class=\"elementor-image-box-description\">Aceleramos la continuidad del negocio y la protecci\u00f3n de la informaci\u00f3n mediante el uso\nestrat\u00e9gico de servicios de nube, habilitando desde copias de seguridad fuera de sitio\nhasta esquemas completos de recuperaci\u00f3n ante desastres. Nuestras soluciones\npermiten simplificar la gesti\u00f3n de cargas de trabajo seguras y facilitar el acceso\npermanente a los datos, asegurando su protecci\u00f3n y disponibilidad en todo momento. La\nnube se convierte as\u00ed en un habilitador clave para responder con rapidez a las necesidades\noperativas y a los cambios del mercado.<br><br>\nAl incorporar la nube como un componente integral de la estrategia tecnol\u00f3gica, las\norganizaciones obtienen una plataforma flexible y eficiente que impulsa mejores\nresultados de negocio. Esta capacidad de ajustar recursos seg\u00fan la demanda mejora la\nresiliencia operativa y optimiza los costos. En un entorno empresarial en constante\nevoluci\u00f3n, nuestras soluciones de nube garantizan continuidad y crecimiento, permitiendo\na las empresas enfocarse en la innovaci\u00f3n y en fortalecer su competitividad. Adem\u00e1s,\nfacilitan una adopci\u00f3n gradual y controlada de nuevas capacidades digitales sin afectar la\noperaci\u00f3n diaria.<\/p><\/div><\/div>\t\t<\/div>\n\t\t\t\t<\/div>\n\t\t\t\t\t<\/div>\n\t\t<\/div>\n\t\t\t\t\t\t\t<\/div>\n\t\t<\/section>\n\t\t\t\t\t<\/div>\n\t\t<\/div>\n\t\t\t\t\t\t\t<\/div>\n\t\t<\/section>\n\t\t\t\t<section class=\"elementor-section elementor-top-section elementor-element elementor-element-3393f97 elementor-section-stretched elementor-section-boxed elementor-section-height-default elementor-section-height-default\" data-id=\"3393f97\" data-element_type=\"section\" data-settings=\"{&quot;stretch_section&quot;:&quot;section-stretched&quot;,&quot;background_background&quot;:&quot;classic&quot;}\">\n\t\t\t\t\t\t<div class=\"elementor-container elementor-column-gap-wider\">\n\t\t\t\t\t<div class=\"elementor-column elementor-col-33 elementor-top-column elementor-element elementor-element-10bfd872\" data-id=\"10bfd872\" data-element_type=\"column\">\n\t\t\t<div class=\"elementor-widget-wrap\">\n\t\t\t\t\t\t\t\t\t<\/div>\n\t\t<\/div>\n\t\t\t\t<div class=\"elementor-column elementor-col-33 elementor-top-column elementor-element elementor-element-5154e177\" data-id=\"5154e177\" data-element_type=\"column\">\n\t\t\t<div class=\"elementor-widget-wrap elementor-element-populated\">\n\t\t\t\t\t\t\t\t<div class=\"elementor-element elementor-element-a2b317f elementor-widget elementor-widget-spacer\" data-id=\"a2b317f\" data-element_type=\"widget\" data-widget_type=\"spacer.default\">\n\t\t\t\t<div class=\"elementor-widget-container\">\n\t\t\t\t\t<div class=\"elementor-spacer\">\n\t\t\t<div class=\"elementor-spacer-inner\"><\/div>\n\t\t<\/div>\n\t\t\t\t<\/div>\n\t\t\t\t<\/div>\n\t\t\t\t\t<\/div>\n\t\t<\/div>\n\t\t\t\t<div class=\"elementor-column elementor-col-33 elementor-top-column elementor-element elementor-element-2bd4d36e\" data-id=\"2bd4d36e\" data-element_type=\"column\">\n\t\t\t<div class=\"elementor-widget-wrap\">\n\t\t\t\t\t\t\t\t\t<\/div>\n\t\t<\/div>\n\t\t\t\t\t\t\t<\/div>\n\t\t<\/section>\n\t\t\t\t<section class=\"elementor-section elementor-top-section elementor-element elementor-element-6688d44 elementor-section-boxed elementor-section-height-default elementor-section-height-default\" data-id=\"6688d44\" data-element_type=\"section\">\n\t\t\t\t\t\t<div class=\"elementor-container elementor-column-gap-wider\">\n\t\t\t\t\t<div class=\"elementor-column elementor-col-50 elementor-top-column elementor-element elementor-element-c9d9ce1\" data-id=\"c9d9ce1\" data-element_type=\"column\" data-settings=\"{&quot;background_background&quot;:&quot;classic&quot;}\">\n\t\t\t<div class=\"elementor-widget-wrap elementor-element-populated\">\n\t\t\t\t\t<div class=\"elementor-background-overlay\"><\/div>\n\t\t\t\t\t\t\t\t<div class=\"elementor-element elementor-element-aeeb1c0 elementor-widget elementor-widget-text-editor\" data-id=\"aeeb1c0\" data-element_type=\"widget\" data-widget_type=\"text-editor.default\">\n\t\t\t\t<div class=\"elementor-widget-container\">\n\t\t\t\t\t<div class=\"elementor-text-editor elementor-clearfix\"><p style=\"text-align: left;\"><span style=\"color: #ff6600;\"><strong>Infraestructura como Servicio (IaaS)<\/strong><\/span><\/p><p style=\"text-align: left;\"><img loading=\"lazy\" decoding=\"async\" class=\"alignnone size-full wp-image-1374\" src=\"https:\/\/www.mattpe.com\/es\/wp-content\/uploads\/2026\/01\/mayor.png\" alt=\"\" width=\"21\" height=\"35\" \/><\/p><p style=\"text-align: left;\">Plataformas de c\u00f3mputo y<br \/>almacenamiento bajo demanda que<br \/>permiten operar cargas cr\u00edticas de forma<br \/>flexible, segura y escalable, sin<br \/>inversiones en infraestructura propia.<\/p><\/div>\n\t\t\t\t<\/div>\n\t\t\t\t<\/div>\n\t\t\t\t\t<\/div>\n\t\t<\/div>\n\t\t\t\t<div class=\"elementor-column elementor-col-50 elementor-top-column elementor-element elementor-element-fca12e8\" data-id=\"fca12e8\" data-element_type=\"column\" data-settings=\"{&quot;background_background&quot;:&quot;classic&quot;}\">\n\t\t\t<div class=\"elementor-widget-wrap elementor-element-populated\">\n\t\t\t\t\t<div class=\"elementor-background-overlay\"><\/div>\n\t\t\t\t\t\t\t\t<div class=\"elementor-element elementor-element-5785883 elementor-widget elementor-widget-text-editor\" data-id=\"5785883\" data-element_type=\"widget\" data-widget_type=\"text-editor.default\">\n\t\t\t\t<div class=\"elementor-widget-container\">\n\t\t\t\t\t<div class=\"elementor-text-editor elementor-clearfix\"><p style=\"text-align: left;\"><span style=\"color: #ff6600;\"><strong>Respaldo como Servicio (BaaS)<\/strong><\/span><\/p><p style=\"text-align: left;\"><img loading=\"lazy\" decoding=\"async\" class=\"alignnone size-full wp-image-1374\" src=\"https:\/\/www.mattpe.com\/es\/wp-content\/uploads\/2026\/01\/mayor.png\" alt=\"\" width=\"21\" height=\"35\" \/><\/p><p style=\"text-align: left;\">Protecci\u00f3n continua de datos mediante<br \/>esquemas de respaldo gestionados que<br \/>garantizan disponibilidad, recuperaci\u00f3n<br \/>confiable y continuidad operativa ante<br \/>incidentes.<\/p><\/div>\n\t\t\t\t<\/div>\n\t\t\t\t<\/div>\n\t\t\t\t\t<\/div>\n\t\t<\/div>\n\t\t\t\t\t\t\t<\/div>\n\t\t<\/section>\n\t\t\t\t<section class=\"elementor-section elementor-top-section elementor-element elementor-element-1d08b89 elementor-section-boxed elementor-section-height-default elementor-section-height-default\" data-id=\"1d08b89\" data-element_type=\"section\">\n\t\t\t\t\t\t<div class=\"elementor-container elementor-column-gap-wider\">\n\t\t\t\t\t<div class=\"elementor-column elementor-col-50 elementor-top-column elementor-element elementor-element-5f27a7b\" data-id=\"5f27a7b\" data-element_type=\"column\" data-settings=\"{&quot;background_background&quot;:&quot;classic&quot;}\">\n\t\t\t<div class=\"elementor-widget-wrap elementor-element-populated\">\n\t\t\t\t\t<div class=\"elementor-background-overlay\"><\/div>\n\t\t\t\t\t\t\t\t<div class=\"elementor-element elementor-element-b045114 elementor-widget elementor-widget-text-editor\" data-id=\"b045114\" data-element_type=\"widget\" data-widget_type=\"text-editor.default\">\n\t\t\t\t<div class=\"elementor-widget-container\">\n\t\t\t\t\t<div class=\"elementor-text-editor elementor-clearfix\"><p style=\"text-align: left;\"><span style=\"color: #ff6600;\"><strong>Protecci\u00f3n para Microsoft 365<\/strong><\/span><\/p><p style=\"text-align: left;\"><img loading=\"lazy\" decoding=\"async\" class=\"alignnone size-full wp-image-1374\" src=\"https:\/\/www.mattpe.com\/es\/wp-content\/uploads\/2026\/01\/mayor.png\" alt=\"\" width=\"21\" height=\"35\" \/><\/p><p style=\"text-align: left;\">Resguardo y recuperaci\u00f3n de informaci\u00f3n<br \/>cr\u00edtica de Microsoft 365 frente a borrados<br \/>accidentales, errores humanos o ataques,<br \/>asegurando la integridad de los datos del<br \/>negocio.<\/p><\/div>\n\t\t\t\t<\/div>\n\t\t\t\t<\/div>\n\t\t\t\t\t<\/div>\n\t\t<\/div>\n\t\t\t\t<div class=\"elementor-column elementor-col-50 elementor-top-column elementor-element elementor-element-af08885\" data-id=\"af08885\" data-element_type=\"column\" data-settings=\"{&quot;background_background&quot;:&quot;classic&quot;}\">\n\t\t\t<div class=\"elementor-widget-wrap elementor-element-populated\">\n\t\t\t\t\t<div class=\"elementor-background-overlay\"><\/div>\n\t\t\t\t\t\t\t\t<div class=\"elementor-element elementor-element-9727e0d elementor-widget elementor-widget-text-editor\" data-id=\"9727e0d\" data-element_type=\"widget\" data-widget_type=\"text-editor.default\">\n\t\t\t\t<div class=\"elementor-widget-container\">\n\t\t\t\t\t<div class=\"elementor-text-editor elementor-clearfix\"><p style=\"text-align: left;\"><span style=\"color: #ff6600;\"><strong>Recuperaci\u00f3n ante Desastres como<\/strong><\/span><br \/><span style=\"color: #ff6600;\"><strong>Servicio (DRaaS)<\/strong><\/span><\/p><p style=\"text-align: left;\"><img loading=\"lazy\" decoding=\"async\" class=\"alignnone size-full wp-image-1374\" src=\"https:\/\/www.mattpe.com\/es\/wp-content\/uploads\/2026\/01\/mayor.png\" alt=\"\" width=\"21\" height=\"35\" \/><\/p><p style=\"text-align: left;\">Soluciones que permiten restablecer<br \/>r\u00e1pidamente aplicaciones y servicios<br \/>cr\u00edticos en caso de fallas mayores,<br \/>desastres o interrupciones prolongadas.<\/p><\/div>\n\t\t\t\t<\/div>\n\t\t\t\t<\/div>\n\t\t\t\t\t<\/div>\n\t\t<\/div>\n\t\t\t\t\t\t\t<\/div>\n\t\t<\/section>\n\t\t\t\t<section class=\"elementor-section elementor-top-section elementor-element elementor-element-603631a elementor-section-boxed elementor-section-height-default elementor-section-height-default\" data-id=\"603631a\" data-element_type=\"section\">\n\t\t\t\t\t\t<div class=\"elementor-container elementor-column-gap-wider\">\n\t\t\t\t\t<div class=\"elementor-column elementor-col-50 elementor-top-column elementor-element elementor-element-3daa267\" data-id=\"3daa267\" data-element_type=\"column\" data-settings=\"{&quot;background_background&quot;:&quot;classic&quot;}\">\n\t\t\t<div class=\"elementor-widget-wrap elementor-element-populated\">\n\t\t\t\t\t<div class=\"elementor-background-overlay\"><\/div>\n\t\t\t\t\t\t\t\t<div class=\"elementor-element elementor-element-8bbd565 elementor-widget elementor-widget-text-editor\" data-id=\"8bbd565\" data-element_type=\"widget\" data-widget_type=\"text-editor.default\">\n\t\t\t\t<div class=\"elementor-widget-container\">\n\t\t\t\t\t<div class=\"elementor-text-editor elementor-clearfix\"><p style=\"text-align: left;\"><span style=\"color: #ff6600;\"><strong>Software como Servicio (SaaS)<\/strong><\/span><\/p><p style=\"text-align: left;\"><img loading=\"lazy\" decoding=\"async\" class=\"alignnone size-full wp-image-1374\" src=\"https:\/\/www.mattpe.com\/es\/wp-content\/uploads\/2026\/01\/mayor.png\" alt=\"\" width=\"21\" height=\"35\" \/><\/p><p style=\"text-align: left;\">Acceso a aplicaciones empresariales<br \/>seguras y gestionadas desde la nube,<br \/>reduciendo complejidad operativa y<br \/>acelerando la adopci\u00f3n tecnol\u00f3gica.<\/p><\/div>\n\t\t\t\t<\/div>\n\t\t\t\t<\/div>\n\t\t\t\t\t<\/div>\n\t\t<\/div>\n\t\t\t\t<div class=\"elementor-column elementor-col-50 elementor-top-column elementor-element elementor-element-95fae50\" data-id=\"95fae50\" data-element_type=\"column\" data-settings=\"{&quot;background_background&quot;:&quot;classic&quot;}\">\n\t\t\t<div class=\"elementor-widget-wrap elementor-element-populated\">\n\t\t\t\t\t<div class=\"elementor-background-overlay\"><\/div>\n\t\t\t\t\t\t\t\t<div class=\"elementor-element elementor-element-30993db elementor-widget elementor-widget-text-editor\" data-id=\"30993db\" data-element_type=\"widget\" data-widget_type=\"text-editor.default\">\n\t\t\t\t<div class=\"elementor-widget-container\">\n\t\t\t\t\t<div class=\"elementor-text-editor elementor-clearfix\"><p style=\"text-align: left;\"><span style=\"color: #ff6600;\"><strong>Almacenamiento como Servicio (STaaS)<\/strong><\/span><\/p><p style=\"text-align: left;\"><img loading=\"lazy\" decoding=\"async\" class=\"alignnone size-full wp-image-1374\" src=\"https:\/\/www.mattpe.com\/es\/wp-content\/uploads\/2026\/01\/mayor.png\" alt=\"\" width=\"21\" height=\"35\" \/><\/p><p style=\"text-align: left;\">Modelo flexible de consumo de<br \/>almacenamiento que ofrece alto<br \/>rendimiento, disponibilidad y protecci\u00f3n<br \/>de datos con pago basado en uso y<br \/>crecimiento bajo demanda.<\/p><\/div>\n\t\t\t\t<\/div>\n\t\t\t\t<\/div>\n\t\t\t\t\t<\/div>\n\t\t<\/div>\n\t\t\t\t\t\t\t<\/div>\n\t\t<\/section>\n\t\t\t\t\t\t<\/div>\n\t\t\t\t\t<\/div>\n\t\t","protected":false},"excerpt":{"rendered":"<p>Cloud Acceleration Services Aceleramos la continuidad del negocio y la protecci\u00f3n de la informaci\u00f3n mediante el uso estrat\u00e9gico de servicios de nube, habilitando desde copias de seguridad fuera de sitio hasta esquemas completos de recuperaci\u00f3n ante desastres. Nuestras soluciones permiten simplificar la gesti\u00f3n de cargas de trabajo seguras y facilitar el acceso permanente a los &hellip;<\/p>\n<p class=\"read-more\"> <a class=\"\" href=\"https:\/\/www.mattpe.com\/es\/cloud-acceleration-services\/\"> <span class=\"screen-reader-text\">Cloud Acceleration Services<\/span> Leer m\u00e1s &raquo;<\/a><\/p>\n","protected":false},"author":1,"featured_media":0,"parent":0,"menu_order":0,"comment_status":"closed","ping_status":"closed","template":"","meta":{"site-sidebar-layout":"no-sidebar","site-content-layout":"","ast-site-content-layout":"full-width-container","site-content-style":"default","site-sidebar-style":"default","ast-global-header-display":"","ast-banner-title-visibility":"","ast-main-header-display":"","ast-hfb-above-header-display":"","ast-hfb-below-header-display":"","ast-hfb-mobile-header-display":"","site-post-title":"disabled","ast-breadcrumbs-content":"","ast-featured-img":"disabled","footer-sml-layout":"","theme-transparent-header-meta":"default","adv-header-id-meta":"","stick-header-meta":"","header-above-stick-meta":"","header-main-stick-meta":"","header-below-stick-meta":"","astra-migrate-meta-layouts":"set","ast-page-background-enabled":"default","ast-page-background-meta":{"desktop":{"background-color":"var(--ast-global-color-4)","background-image":"","background-repeat":"repeat","background-position":"center center","background-size":"auto","background-attachment":"scroll","background-type":"","background-media":"","overlay-type":"","overlay-color":"","overlay-gradient":""},"tablet":{"background-color":"","background-image":"","background-repeat":"repeat","background-position":"center center","background-size":"auto","background-attachment":"scroll","background-type":"","background-media":"","overlay-type":"","overlay-color":"","overlay-gradient":""},"mobile":{"background-color":"","background-image":"","background-repeat":"repeat","background-position":"center center","background-size":"auto","background-attachment":"scroll","background-type":"","background-media":"","overlay-type":"","overlay-color":"","overlay-gradient":""}},"ast-content-background-meta":{"desktop":{"background-color":"var(--ast-global-color-5)","background-image":"","background-repeat":"repeat","background-position":"center center","background-size":"auto","background-attachment":"scroll","background-type":"","background-media":"","overlay-type":"","overlay-color":"","overlay-gradient":""},"tablet":{"background-color":"var(--ast-global-color-5)","background-image":"","background-repeat":"repeat","background-position":"center center","background-size":"auto","background-attachment":"scroll","background-type":"","background-media":"","overlay-type":"","overlay-color":"","overlay-gradient":""},"mobile":{"background-color":"var(--ast-global-color-5)","background-image":"","background-repeat":"repeat","background-position":"center center","background-size":"auto","background-attachment":"scroll","background-type":"","background-media":"","overlay-type":"","overlay-color":"","overlay-gradient":""}},"footnotes":""},"class_list":["post-375","page","type-page","status-publish","hentry"],"_links":{"self":[{"href":"https:\/\/www.mattpe.com\/es\/wp-json\/wp\/v2\/pages\/375","targetHints":{"allow":["GET"]}}],"collection":[{"href":"https:\/\/www.mattpe.com\/es\/wp-json\/wp\/v2\/pages"}],"about":[{"href":"https:\/\/www.mattpe.com\/es\/wp-json\/wp\/v2\/types\/page"}],"author":[{"embeddable":true,"href":"https:\/\/www.mattpe.com\/es\/wp-json\/wp\/v2\/users\/1"}],"replies":[{"embeddable":true,"href":"https:\/\/www.mattpe.com\/es\/wp-json\/wp\/v2\/comments?post=375"}],"version-history":[{"count":48,"href":"https:\/\/www.mattpe.com\/es\/wp-json\/wp\/v2\/pages\/375\/revisions"}],"predecessor-version":[{"id":1569,"href":"https:\/\/www.mattpe.com\/es\/wp-json\/wp\/v2\/pages\/375\/revisions\/1569"}],"wp:attachment":[{"href":"https:\/\/www.mattpe.com\/es\/wp-json\/wp\/v2\/media?parent=375"}],"curies":[{"name":"wp","href":"https:\/\/api.w.org\/{rel}","templated":true}]}}