{"id":511,"date":"2023-11-09T23:32:08","date_gmt":"2023-11-09T23:32:08","guid":{"rendered":"https:\/\/www.mattpe.com\/es\/?page_id=511"},"modified":"2024-04-24T15:00:43","modified_gmt":"2024-04-24T15:00:43","slug":"aviso-de-privacidad","status":"publish","type":"page","link":"https:\/\/www.mattpe.com\/es\/aviso-de-privacidad\/","title":{"rendered":"Aviso de Privacidad"},"content":{"rendered":"\t\t<div data-elementor-type=\"wp-page\" data-elementor-id=\"511\" class=\"elementor elementor-511\" data-elementor-settings=\"[]\">\n\t\t\t\t\t\t\t<div class=\"elementor-section-wrap\">\n\t\t\t\t\t\t\t<section class=\"elementor-section elementor-top-section elementor-element elementor-element-16ad671c elementor-section-full_width elementor-section-stretched elementor-section-height-default elementor-section-height-default\" data-id=\"16ad671c\" data-element_type=\"section\" data-settings=\"{&quot;stretch_section&quot;:&quot;section-stretched&quot;}\">\n\t\t\t\t\t\t<div class=\"elementor-container elementor-column-gap-no\">\n\t\t\t\t\t<div class=\"elementor-column elementor-col-100 elementor-top-column elementor-element elementor-element-38e2a9e8\" data-id=\"38e2a9e8\" data-element_type=\"column\">\n\t\t\t<div class=\"elementor-widget-wrap elementor-element-populated\">\n\t\t\t\t\t\t\t\t<div class=\"elementor-element elementor-element-56311fb0 elementor-widget elementor-widget-image\" data-id=\"56311fb0\" data-element_type=\"widget\" data-widget_type=\"image.default\">\n\t\t\t\t<div class=\"elementor-widget-container\">\n\t\t\t\t\t<div class=\"elementor-image\">\n\t\t\t\t\t\t\t\t\t\t<img loading=\"lazy\" decoding=\"async\" width=\"1921\" height=\"568\" src=\"https:\/\/www.mattpe.com\/es\/wp-content\/uploads\/2023\/11\/ifai.jpg\" class=\"attachment-full size-full\" alt=\"\" srcset=\"https:\/\/www.mattpe.com\/es\/wp-content\/uploads\/2023\/11\/ifai.jpg 1921w, https:\/\/www.mattpe.com\/es\/wp-content\/uploads\/2023\/11\/ifai-300x89.jpg 300w, https:\/\/www.mattpe.com\/es\/wp-content\/uploads\/2023\/11\/ifai-1024x303.jpg 1024w, https:\/\/www.mattpe.com\/es\/wp-content\/uploads\/2023\/11\/ifai-768x227.jpg 768w, https:\/\/www.mattpe.com\/es\/wp-content\/uploads\/2023\/11\/ifai-1536x454.jpg 1536w\" sizes=\"auto, (max-width: 1921px) 100vw, 1921px\" \/>\t\t\t\t\t\t\t\t\t\t\t<\/div>\n\t\t\t\t<\/div>\n\t\t\t\t<\/div>\n\t\t\t\t\t<\/div>\n\t\t<\/div>\n\t\t\t\t\t\t\t<\/div>\n\t\t<\/section>\n\t\t\t\t<section class=\"elementor-section elementor-top-section elementor-element elementor-element-2a4a22d elementor-section-content-middle elementor-section-boxed elementor-section-height-default elementor-section-height-default\" data-id=\"2a4a22d\" data-element_type=\"section\" data-settings=\"{&quot;background_background&quot;:&quot;gradient&quot;}\">\n\t\t\t\t\t\t<div class=\"elementor-container elementor-column-gap-wider\">\n\t\t\t\t\t<div class=\"elementor-column elementor-col-100 elementor-top-column elementor-element elementor-element-5fb52b61\" data-id=\"5fb52b61\" data-element_type=\"column\">\n\t\t\t<div class=\"elementor-widget-wrap elementor-element-populated\">\n\t\t\t\t\t\t\t\t<section class=\"elementor-section elementor-inner-section elementor-element elementor-element-22c8d356 elementor-section-boxed elementor-section-height-default elementor-section-height-default\" data-id=\"22c8d356\" data-element_type=\"section\">\n\t\t\t\t\t\t<div class=\"elementor-container elementor-column-gap-default\">\n\t\t\t\t\t<div class=\"elementor-column elementor-col-100 elementor-inner-column elementor-element elementor-element-75c3797d\" data-id=\"75c3797d\" data-element_type=\"column\">\n\t\t\t<div class=\"elementor-widget-wrap elementor-element-populated\">\n\t\t\t\t\t\t\t\t<div class=\"elementor-element elementor-element-7ba83b18 elementor-widget elementor-widget-text-editor\" data-id=\"7ba83b18\" data-element_type=\"widget\" data-widget_type=\"text-editor.default\">\n\t\t\t\t<div class=\"elementor-widget-container\">\n\t\t\t\t\t<div class=\"elementor-text-editor elementor-clearfix\"><p style=\"text-align: center;\"><strong><span style=\"color: #000000;\">Aviso de privacidad<\/span><\/strong><\/p><\/div>\n\t\t\t\t<\/div>\n\t\t\t\t<\/div>\n\t\t\t\t\t<\/div>\n\t\t<\/div>\n\t\t\t\t\t\t\t<\/div>\n\t\t<\/section>\n\t\t\t\t\t<\/div>\n\t\t<\/div>\n\t\t\t\t\t\t\t<\/div>\n\t\t<\/section>\n\t\t\t\t<section class=\"elementor-section elementor-top-section elementor-element elementor-element-3a31e1a elementor-section-boxed elementor-section-height-default elementor-section-height-default\" data-id=\"3a31e1a\" data-element_type=\"section\">\n\t\t\t\t\t\t<div class=\"elementor-container elementor-column-gap-default\">\n\t\t\t\t\t<div class=\"elementor-column elementor-col-100 elementor-top-column elementor-element elementor-element-7f44be78\" data-id=\"7f44be78\" data-element_type=\"column\">\n\t\t\t<div class=\"elementor-widget-wrap elementor-element-populated\">\n\t\t\t\t\t\t\t\t<section class=\"elementor-section elementor-inner-section elementor-element elementor-element-30740328 elementor-section-content-middle elementor-section-boxed elementor-section-height-default elementor-section-height-default\" data-id=\"30740328\" data-element_type=\"section\" data-settings=\"{&quot;background_background&quot;:&quot;classic&quot;}\">\n\t\t\t\t\t\t\t<div class=\"elementor-background-overlay\"><\/div>\n\t\t\t\t\t\t\t<div class=\"elementor-container elementor-column-gap-custom\">\n\t\t\t\t\t<div class=\"elementor-column elementor-col-100 elementor-inner-column elementor-element elementor-element-75469155\" data-id=\"75469155\" data-element_type=\"column\" data-settings=\"{&quot;background_background&quot;:&quot;classic&quot;}\">\n\t\t\t<div class=\"elementor-widget-wrap elementor-element-populated\">\n\t\t\t\t\t\t\t\t<div class=\"elementor-element elementor-element-d17d4ae elementor-widget elementor-widget-text-editor\" data-id=\"d17d4ae\" data-element_type=\"widget\" data-widget_type=\"text-editor.default\">\n\t\t\t\t<div class=\"elementor-widget-container\">\n\t\t\t\t\t<div class=\"elementor-text-editor elementor-clearfix\"><p>MATTPE TECNOLOGIAS ADAPTATIVAS, S.A. DE C.V. (\u201cMattpe\u201d), con domicilio en Av. Am\u00e9ricas #1501 Piso 20, Interior A Col. Providencia, Guadalajara, Jalisco. C.P. 44630. De conformidad con lo dispuesto en la Ley Federal de Protecci\u00f3n de Datos Personales en Posesi\u00f3n de los Particulares (la \u201cLey) y su Reglamento, es responsable del uso y protecci\u00f3n de sus datos personales los cuales ser\u00e1n tratados con base en los principios de licitud, consentimiento, informaci\u00f3n, calidad, finalidad, lealtad, proporcionalidad y responsabilidad en t\u00e9rminos de la Ley, y al respecto le informamos lo siguiente:<\/p><p><strong>a) Fines.<\/strong><\/p><p>Los datos personales recabados son para ser empleados por la responsable para los siguientes fines: prestaci\u00f3n de los servicios, elaborar un registro, identificar al usuario para otorgarle acceso a sus servicios, fines administrativos (facturaci\u00f3n y seguimiento al cliente, entregas a domicilio, entre otros), mercadeo, monitoreo y confirmaci\u00f3n en cuanto a los servicios contratados, registro de servicios, realizar investigaciones, realizar y enviar informaci\u00f3n comercial, publicitaria y promociones (incluidos los env\u00edos por correo electr\u00f3nico, telefon\u00eda celular, entre otros y todo medio de comunicaci\u00f3n electr\u00f3nica similar o que pueda desarrollarse, evaluar la calidad de los servicios, recopilar preferencias expresadas y configuraciones seleccionadas, informaci\u00f3n sobre c\u00f3mo usted y los visitantes del sitio web interact\u00faan con nuestros servicios, personalizar y mejorar los servicios, ofrecer otros servicios y publicidad, realizar el cobro de cualquier cantidad y dem\u00e1s gastos aplicables a los servicios, y cualquier otra actividad tendiente a promover, mantener, mejorar y evaluar los servicios de la responsable, como encuestas de calidad y satisfacci\u00f3n, prevenir el fraude y abuso de nuestros servicios, solucionar los errores de software y problemas operacionales. Le reiteramos que los datos personales son manejados con absoluta confidencialidad y todo tratamiento como: el uso, la divulgaci\u00f3n, as\u00ed como su almacenamiento se realiza para cumplir con los fines ya descritos, as\u00ed como env\u00edo de notificaciones con respecto a cambios en este Aviso de Privacidad.<\/p><p>El tratamiento de sus datos personales puede incluir estrategias de mercadotecnia y\/o publicidad, en los que Mattpe tenga participaci\u00f3n directa o indirecta, ya sea en M\u00e9xico o en alg\u00fan otro pa\u00eds. En caso de que no desee que sus datos personales sean tratados para este fin adicional, desde este momento usted nos puede comunicar lo anterior, o en su caso usted tiene un plazo de 5 (cinco) d\u00edas h\u00e1biles para manifestarnos su negativa<strong> para el tratamiento o aprovechamiento de sus datos personales para la finalidad secundaria antes mencionada mediante el mecanismo que se se\u00f1ala en los incisos e) y f) del presente Aviso de Privacidad.<\/strong><\/p><p>Es importante se\u00f1alar, que Mattpe no es responsable de la veracidad ni la precisi\u00f3n de los datos personales y\/o datos sensibles que usted nos proporciona, ya que los mismos no han sido previamente validados y\/o verificados.<\/p><p><strong>b) Datos personales que utilizaremos.<\/strong><\/p><p>La lista de datos personales que podremos tratar y\/o transmitir consisten en:<\/p><p>1. Nombre (s) y apellidos.<br \/>2. Imagen grabada desde c\u00e1maras de vigilancia de Mattpe.<br \/>3. Domicilio.<br \/>4. Registro Federal de Contribuyentes.<br \/>5. Direcciones de correo electr\u00f3nico.<br \/>6. N\u00fameros telef\u00f3nicos.<br \/>7. N\u00famero de fax.<\/p><p>Mattpe implementar\u00e1 las medidas de seguridad, t\u00e9cnicas, administrativas y f\u00edsicas, necesarias para procurar la integridad de sus datos personales y evitar su da\u00f1o, p\u00e9rdida, alteraci\u00f3n, destrucci\u00f3n o el uso, acceso o tratamiento no autorizado. \u00danicamente el personal autorizado, que ha cumplido y observado los correspondientes requisitos de confidencialidad, podr\u00e1 participar en el tratamiento de sus datos personales. El personal autorizado tiene prohibido permitir el acceso de personas no autorizadas y utilizar sus datos personales para fines distintos a los establecidos en el presente Aviso de Privacidad. La obligaci\u00f3n de confidencialidad de las personas que participan en el tratamiento de sus datos personales subsiste aun despu\u00e9s de terminada la relaci\u00f3n con Mattpe.<\/p><p><strong>c) Conocimiento de sus datos personales.<\/strong><\/p><p>Le informamos que sus datos personales son compartidos dentro y fuera del pa\u00eds con los clientes o proveedores de Mattpe que intervengan en la prestaci\u00f3n de los servicios, mismos que deber\u00e1n observar m\u00ednimamente las disposiciones contenidas en este Aviso de Privacidad. Por lo anterior, hacemos de su conocimiento que Mattpe no utilizar\u00e1 sus datos para prop\u00f3sitos distintos a los mencionados en el presente Aviso.<\/p><p><strong>d) Transferencia de datos personales.<\/strong><\/p><p>Mattpe podr\u00e1 transferir sus datos personales a las personas enunciadas en el inciso c) anterior, \u00fanicamente con el fin de cumplir con las finalidades descritas en el presente Aviso de Privacidad. Mattpe tambi\u00e9n podr\u00e1 transferir sus datos personales en los casos espec\u00edficamente previstos en la Ley.<\/p><p>Asimismo, hacemos de su conocimiento que, para cualquier transferencia a terceras personas, distintas a las enunciadas en el p\u00e1rrafo inmediato anterior, en t\u00e9rminos de la Ley requerimos obtener su consentimiento. Si usted no manifiesta su negativa, para dichas transferencias, entenderemos que nos lo ha otorgado. Para manifestar su negativa, por favor dirigirse al siguiente contacto:<\/p><p>MATTPE TECNOLOGIAS ADAPTATIVAS, S.A. DE C.V.<br \/>Av. Am\u00e9ricas #1501 Piso 20, Interior A Col. Providencia, Guadalajara, Jalisco. C.P. 44630.<br \/>Email: <a href=\"mailto:privacidad@mattpe.com\" target=\"_blank\" rel=\"noopener\">privacidad@mattpe.com<\/a><\/p><p><strong>e) Acceso, Rectificaci\u00f3n o Cancelaci\u00f3n de sus datos personales; u Oposici\u00f3n a su <\/strong><strong>uso.<\/strong><\/p><p>Usted tiene derecho a conocer qu\u00e9 datos personales tenemos de usted, para qu\u00e9 los utilizamos y las condiciones del uso que les damos (Acceso). Asimismo, es su derecho solicitar la correcci\u00f3n de su informaci\u00f3n personal en caso de que est\u00e9 desactualizada, sea inexacta o incompleta (Rectificaci\u00f3n); que la eliminemos de nuestros registros o bases de datos cuando considere que la misma no est\u00e1 siendo utilizada conforme a los principios, deberes y obligaciones previstas en la normativa (Cancelaci\u00f3n); as\u00ed como oponerse al uso de sus datos personales para fines espec\u00edficos (Oposici\u00f3n). Estos derechos se conocen como derechos ARCO.<\/p><p>Para el ejercicio de cualquiera de los derechos ARCO, usted deber\u00e1 notificar y solicitarnos por escrito el Acceso, Rectificaci\u00f3n, Cancelaci\u00f3n u Oposici\u00f3n de sus datos personales.<\/p><p>Dicha solicitud deber\u00e1 contener:<\/p><p>\u2022 El nombre del titular y domicilio u otro medio para comunicarle la respuesta a su solicitud.<br \/>\u2022 Los documentos que acrediten la identidad o, en su caso, la representaci\u00f3n legal del titular.<br \/>\u2022 La descripci\u00f3n clara y precisa de los datos personales respecto de los que se busca ejercer alguno de los derechos antes mencionados.<br \/>\u2022 Cualquier otro elemento o documento que facilite la localizaci\u00f3n de los datos personales.<\/p><p>En caso de solicitar la rectificaci\u00f3n de sus Datos Personales, adicionalmente deber\u00e1 indicar las modificaciones a realizarse y aportar la documentaci\u00f3n oficial necesaria que sustente su petici\u00f3n.<\/p><p>Mattpe responder\u00e1 a la direcci\u00f3n de correo electr\u00f3nico, que el titular de los Datos Personales designe en su solicitud, pudiendo indicar en la misma un medio distinto para recibir dicha respuesta. Mattpe responder\u00e1 en un plazo m\u00e1ximo de 20 (veinte) d\u00edas calendario o el m\u00e1ximo permitido por la ley. La respuesta de Mattpe indicar\u00e1 si la solicitud de acceso, rectificaci\u00f3n, cancelaci\u00f3n u oposici\u00f3n es procedente y, en su caso, Mattpe har\u00e1 efectiva la determinaci\u00f3n dentro de los 15 (quince) d\u00edas calendario siguientes a la fecha en que comunique la respuesta o el m\u00e1ximo permitido por la ley. Los plazos podr\u00e1n ser ampliados en los t\u00e9rminos que se\u00f1ale la Ley aplicable.<\/p><p>Si usted requiere m\u00e1s informaci\u00f3n sobre el ejercicio de sus derechos ARCO, usted podr\u00e1 ingresar a nuestro sitio de internet <a href=\"https:\/\/www.mattpe.com\">www.mattpe.com<\/a> a la secci\u00f3n Aviso de Privacidad; o bien ponerse en contacto con nuestro Departamento de Datos Personales, que dar\u00e1 tr\u00e1mite a las solicitudes para el ejercicio de estos derechos, y atender\u00e1 cualquier duda que pudiera tener respecto al tratamiento de su informaci\u00f3n. Los datos de contacto del Departamento de Datos Personales son los siguientes:<\/p><p>MATTPE TECNOLOGIAS ADAPTATIVAS, S.A. DE C.V.<br \/>Av. Am\u00e9ricas #1501 Piso 20, Interior A Col. Providencia, Guadalajara, Jalisco. C.P. 44630.<br \/>Email: <a href=\"mailto:privacidad@mattpe.com\" target=\"_blank\" rel=\"noopener\">privacidad@mattpe.com<\/a><br \/>De conformidad con la Ley, Mattpe responder\u00e1 a dicha solicitud en un plazo no mayor a veinte d\u00edas, contados a partir de la fecha en que se entreg\u00f3 la solicitud correspondiente.<\/p><p>La temporalidad del manejo de sus datos personales ser\u00e1 por el plazo de tiempo en que subsista la relaci\u00f3n comercial entre usted y Mattpe, mismo que podr\u00e1 ampliarse cuando as\u00ed lo requiera la Legislaci\u00f3n Mexicana aplicable, pudiendo usted oponerse al manejo de los mismos en cualquier momento que lo considere oportuno seg\u00fan el mecanismo se\u00f1alado en el presente apartado, o en su caso, en el momento en que dichos datos personales hayan dejado de ser necesarios para el cumplimiento de las finalidades previstas en el presente Aviso de Privacidad y las disposiciones legales aplicables, motivo por el cual los datos personales ser\u00e1n cancelados, dando as\u00ed cumplimiento a lo dispuesto por el art\u00edculo 11 de la Ley.<\/p><p>Si usted considera que su derecho de protecci\u00f3n de datos personales ha sido lesionado por alguna conducta de nuestros empleados o de nuestras actuaciones o respuestas. Si usted presume que en el tratamiento de sus datos personales existe alguna violaci\u00f3n a las disposiciones previstas en la Ley Federal de Protecci\u00f3n de Datos Personales en Posesi\u00f3n de los Particulares, podr\u00e1 interponer la queja o denuncia correspondiente ante el Instituto Federal de Acceso a la Informaci\u00f3n y Protecci\u00f3n de Datos, para m\u00e1s informaci\u00f3n visite <a href=\"http:\/\/www.ifai.org.mx\" target=\"_blank\" rel=\"noopener\">www.ifai.org.mx<\/a>.<\/p><p><strong>f) Revocaci\u00f3n de consentimiento para el uso de sus datos personales.<\/strong><\/p><p>Usted puede revocar el consentimiento que, en su caso, nos haya otorgado para el tratamiento de sus datos personales. Sin embargo, es importante que tenga en cuenta que no en todos los casos podremos atender su solicitud o concluir el uso de forma inmediata, ya que es posible que por alguna obligaci\u00f3n legal requiramos seguir tratando sus datos personales. Asimismo, usted deber\u00e1 considerar que, para ciertos fines, la revocaci\u00f3n de su consentimiento implicar\u00e1 la conclusi\u00f3n de su relaci\u00f3n comercial con nosotros.<\/p><p>Para revocar su consentimiento deber\u00e1 presentar su solicitud en los t\u00e9rminos contenidos en el inciso e) del presente Aviso de Privacidad, por lo que Mattpe responder\u00e1 cualquier solicitud de revocaci\u00f3n de consentimiento en un plazo m\u00e1ximo de 20 (veinte) d\u00edas calendario o el m\u00e1ximo permitido por la ley, y Mattpe har\u00e1 efectiva la revocaci\u00f3n dentro de los 15 (quince) d\u00edas calendario siguientes a la fecha en que comunique la respuesta o el m\u00e1ximo permitido por la ley. Los plazos podr\u00e1n ser ampliados en los t\u00e9rminos que se\u00f1ale la Ley aplicable.<\/p><p>Si usted requiere m\u00e1s informaci\u00f3n sobre el procedimiento y requisitos para la revocaci\u00f3n del consentimiento, usted podr\u00e1 ingresar a nuestro sitio de internet <a href=\"http:\/\/www.mattpe.com\">www.mattpe.com<\/a> a la secci\u00f3n Aviso de Privacidad; o bien ponerse en contacto con nuestro Departamento de Datos Personales.<\/p><p><strong>g) Limitaci\u00f3n de uso o divulgaci\u00f3n de sus datos personales.<\/strong><\/p><p>Con objeto de que usted pueda limitar el uso y divulgaci\u00f3n de su informaci\u00f3n personal, le ofrecemos el siguiente medio:<\/p><p>1. Su inscripci\u00f3n en el Registro P\u00fablico para Evitar Publicidad, que est\u00e1 a cargo de la Procuradur\u00eda Federal del Consumidor, con la finalidad de que sus datos personales no sean utilizados para recibir publicidad o promociones de empresas de bienes o servicios. Para m\u00e1s informaci\u00f3n sobre dicho registro, usted puede consultar el portal de Internet de la PROFECO, o bien ponerse en contacto directo con \u00e9sta llamando al 800-468-8722.<\/p><p>2. Su registro en el listado de exclusi\u00f3n \u201cLimitaciones de uso Mattpe\u201d, a fin de que sus datos personales no sean tratados por nuestra parte para los fines se\u00f1alados en el apartado a) del presente Aviso de Privacidad. Para m\u00e1s informaci\u00f3n llamar al n\u00famero telef\u00f3nico 33-8000-0103; enviar un correo electr\u00f3nico a la siguiente direcci\u00f3n privacidad@mattpe.com; o bien consultar nuestra p\u00e1gina de internet www.mattpe.com.<\/p><p><strong>h) Uso de cookies o cualquier otra tecnolog\u00eda similar.<\/strong><\/p><p>Al ingresar a la p\u00e1gina web de Mattpe, el servidor de Mattpe guarda la siguiente informaci\u00f3n: el dominio o direcci\u00f3n IP de la computadora que solicita el acceso, la fecha de acceso, el c\u00f3digo de respuesta HTTP, la p\u00e1gina web de la cual ingresa y el n\u00famero de bytes transferidos a trav\u00e9s de la conexi\u00f3n, tiempo de navegaci\u00f3n en nuestra p\u00e1gina de Internet, secciones consultadas, y p\u00e1ginas de Internet accedidas previo a la nuestra. La informaci\u00f3n enunciada se obtiene con fines de seguridad en el sistema, as\u00ed como para monitorear su comportamiento como usuario de Internet, brindarle un mejor servicio y experiencia de usuario al navegar en nuestra p\u00e1gina de Internet, as\u00ed como ofrecerle nuevos servicios basados en sus preferencias. En algunos casos Mattpe guarda cierta informaci\u00f3n en su PC por medio de \u201ccookies\u201d. Se denomina \u201ccookie\u201d al archivo de datos que se almacene en el disco duro del equipo de c\u00f3mputo o del dispositivo de comunicaciones electr\u00f3nicas de un usuario al navegar en un sitio de internet espec\u00edfico, el cual permite intercambiar informaci\u00f3n del estado entre dicho sitio y el navegador del usuario. El uso de \u201ccookies\u201d puede revelar medios de identificaci\u00f3n de sesi\u00f3n, autenticaci\u00f3n o preferencias del usuario, as\u00ed como cualquier dato almacenado por el navegador respecto al sitio de internet. Las \u201ccookies\u201d no permiten a Mattpe tener acceso a su sistema o a sus datos personales, excepto que usted provea dicha informaci\u00f3n de manera voluntaria. Es importante mencionar que la configuraci\u00f3n est\u00e1ndar del navegador permite el uso de \u201ccookies\u201d, por lo que puede inhabilitar dicha configuraci\u00f3n en su navegador.<\/p><p><strong>i) Cambios al Aviso de Privacidad.<\/strong><\/p><p>El presente Aviso de Privacidad puede sufrir modificaciones, cambios o actualizaciones en cualquier momento, derivadas de nuevos requerimientos legales; de nuestras propias necesidades por las pol\u00edticas y medidas de seguridad que se apliquen en las instalaciones de Mattpe; de nuestras pr\u00e1cticas de privacidad; de cambios de modelo de negocio; o por otras causas. En caso de que Mattpe se viera en la necesidad de hacer alguna modificaci\u00f3n al Aviso de Privacidad, as\u00ed lo har\u00e1 de su conocimiento mediante correo electr\u00f3nico y ser\u00e1 publicado en la p\u00e1gina oficial de Internet de Mattpe www.mattpe.com, en el apartado \u201cAviso de Privacidad\u201d, as\u00ed como en cualquier otro medio de comunicaci\u00f3n p\u00fablico o privado que en su momento determine Mattpe.<\/p><p><strong>A T E N T A M E N T E. <\/strong><br \/><strong>MATTPE TECNOLOGIAS ADAPTATIVAS, S.A. DE C.V.<\/strong><\/p><p><strong>Fecha de actualizaci\u00f3n: 22 de abril de 2024<\/strong><\/p><p>\u00a0<\/p><p>\u00a0<\/p><\/div>\n\t\t\t\t<\/div>\n\t\t\t\t<\/div>\n\t\t\t\t\t<\/div>\n\t\t<\/div>\n\t\t\t\t\t\t\t<\/div>\n\t\t<\/section>\n\t\t\t\t\t<\/div>\n\t\t<\/div>\n\t\t\t\t\t\t\t<\/div>\n\t\t<\/section>\n\t\t\t\t\t\t<\/div>\n\t\t\t\t\t<\/div>\n\t\t","protected":false},"excerpt":{"rendered":"<p>Aviso de privacidad MATTPE TECNOLOGIAS ADAPTATIVAS, S.A. DE C.V. (\u201cMattpe\u201d), con domicilio en Av. Am\u00e9ricas #1501 Piso 20, Interior A Col. Providencia, Guadalajara, Jalisco. C.P. 44630. De conformidad con lo dispuesto en la Ley Federal de Protecci\u00f3n de Datos Personales en Posesi\u00f3n de los Particulares (la \u201cLey) y su Reglamento, es responsable del uso y &hellip;<\/p>\n<p class=\"read-more\"> <a class=\"\" href=\"https:\/\/www.mattpe.com\/es\/aviso-de-privacidad\/\"> <span class=\"screen-reader-text\">Aviso de Privacidad<\/span> Leer m\u00e1s &raquo;<\/a><\/p>\n","protected":false},"author":1,"featured_media":0,"parent":0,"menu_order":0,"comment_status":"closed","ping_status":"closed","template":"","meta":{"site-sidebar-layout":"no-sidebar","site-content-layout":"","ast-site-content-layout":"full-width-container","site-content-style":"default","site-sidebar-style":"default","ast-global-header-display":"","ast-banner-title-visibility":"","ast-main-header-display":"","ast-hfb-above-header-display":"","ast-hfb-below-header-display":"","ast-hfb-mobile-header-display":"","site-post-title":"disabled","ast-breadcrumbs-content":"","ast-featured-img":"disabled","footer-sml-layout":"","theme-transparent-header-meta":"default","adv-header-id-meta":"","stick-header-meta":"","header-above-stick-meta":"","header-main-stick-meta":"","header-below-stick-meta":"","astra-migrate-meta-layouts":"set","ast-page-background-enabled":"default","ast-page-background-meta":{"desktop":{"background-color":"var(--ast-global-color-4)","background-image":"","background-repeat":"repeat","background-position":"center center","background-size":"auto","background-attachment":"scroll","background-type":"","background-media":"","overlay-type":"","overlay-color":"","overlay-gradient":""},"tablet":{"background-color":"","background-image":"","background-repeat":"repeat","background-position":"center center","background-size":"auto","background-attachment":"scroll","background-type":"","background-media":"","overlay-type":"","overlay-color":"","overlay-gradient":""},"mobile":{"background-color":"","background-image":"","background-repeat":"repeat","background-position":"center center","background-size":"auto","background-attachment":"scroll","background-type":"","background-media":"","overlay-type":"","overlay-color":"","overlay-gradient":""}},"ast-content-background-meta":{"desktop":{"background-color":"var(--ast-global-color-5)","background-image":"","background-repeat":"repeat","background-position":"center center","background-size":"auto","background-attachment":"scroll","background-type":"","background-media":"","overlay-type":"","overlay-color":"","overlay-gradient":""},"tablet":{"background-color":"var(--ast-global-color-5)","background-image":"","background-repeat":"repeat","background-position":"center center","background-size":"auto","background-attachment":"scroll","background-type":"","background-media":"","overlay-type":"","overlay-color":"","overlay-gradient":""},"mobile":{"background-color":"var(--ast-global-color-5)","background-image":"","background-repeat":"repeat","background-position":"center center","background-size":"auto","background-attachment":"scroll","background-type":"","background-media":"","overlay-type":"","overlay-color":"","overlay-gradient":""}},"footnotes":""},"class_list":["post-511","page","type-page","status-publish","hentry"],"_links":{"self":[{"href":"https:\/\/www.mattpe.com\/es\/wp-json\/wp\/v2\/pages\/511","targetHints":{"allow":["GET"]}}],"collection":[{"href":"https:\/\/www.mattpe.com\/es\/wp-json\/wp\/v2\/pages"}],"about":[{"href":"https:\/\/www.mattpe.com\/es\/wp-json\/wp\/v2\/types\/page"}],"author":[{"embeddable":true,"href":"https:\/\/www.mattpe.com\/es\/wp-json\/wp\/v2\/users\/1"}],"replies":[{"embeddable":true,"href":"https:\/\/www.mattpe.com\/es\/wp-json\/wp\/v2\/comments?post=511"}],"version-history":[{"count":15,"href":"https:\/\/www.mattpe.com\/es\/wp-json\/wp\/v2\/pages\/511\/revisions"}],"predecessor-version":[{"id":884,"href":"https:\/\/www.mattpe.com\/es\/wp-json\/wp\/v2\/pages\/511\/revisions\/884"}],"wp:attachment":[{"href":"https:\/\/www.mattpe.com\/es\/wp-json\/wp\/v2\/media?parent=511"}],"curies":[{"name":"wp","href":"https:\/\/api.w.org\/{rel}","templated":true}]}}